{"id":55,"date":"2023-06-03T00:00:13","date_gmt":"2023-06-02T22:00:13","guid":{"rendered":"http:\/\/www.jackie-stayfit.pl\/?post_type=product&#038;p=55"},"modified":"2024-06-27T10:44:18","modified_gmt":"2024-06-27T08:44:18","slug":"guma-oporowa-czarna","status":"publish","type":"product","link":"https:\/\/www.jackie-stayfit.pl\/index.php\/produkt\/guma-oporowa-czarna\/","title":{"rendered":"Guma oporowa &#8211; czarna 9-27 kg"},"content":{"rendered":"<p>Przedstawiamy Pa\u0144stwu gum\u0119 o \u015brednim oporze do \u0107wicze\u0144 fizycznych. Jest to jeden z tych asortyment\u00f3w sportowych, kt\u00f3ry pozwala na wytrenowanie praktycznie ka\u017cdej cz\u0119\u015bci cia\u0142a. Pocz\u0105wszy od bark\u00f3w, klatki, plec\u00f3w, biceps\u00f3w i triceps\u00f3w, po mi\u0119\u015bnie brzucha i n\u00f3g. Gumy firmy <b>JACKIE<\/b> zrobione s\u0105 z wytrzyma\u0142ego i elastycznego lateksu . Materia\u0142 ten jest wytrzymalszy ni\u017c niekt\u00f3re inne stosowane przy tego rodzaju asortymencie, co pozwala d\u0142ugo cieszy\u0107 si\u0119 z mo\u017cliwo\u015bci korzystania z nich. Zach\u0119cam do zakupu szczeg\u00f3lnie te osoby, kt\u00f3re albo uzupe\u0142niaj\u0105co\u00a0 wykonuj\u0105 \u0107wiczenia w domowym zaciszu albo generalnie stawiaj\u0105 na trening u siebie. Jednocze\u015bnie mo\u017cemy je zabiera\u0107 tak\u017ce do klubu fitness czy na trening na zewn\u0105trz.<\/p>\n<ul>\n<li>Op\u00f3r- 9-27 kg<\/li>\n<li>Wymiary- d\u0142ugo\u015b\u0107: 208 cm, szeroko\u015b\u0107:2,2 cm, grubo\u015b\u0107: 0,45cm<\/li>\n<\/ul>\n<p>Dzi\u0119ki gumom oporowym:<\/p>\n<ul>\n<li>\u00a0zwi\u0119kszasz si\u0142\u0119,<\/li>\n<li>\u0107wiczysz mi\u0119\u015bnie g\u0142\u0119bokie,<\/li>\n<li>trenujesz mobilno\u015b\u0107 mi\u0119\u015bni,<\/li>\n<li>rozci\u0105gasz mi\u0119\u015bnie.<\/li>\n<\/ul>\n","protected":false},"excerpt":{"rendered":"<p>Przedstawiamy Pa\u0144stwu gum\u0119 o \u015brednim oporze do \u0107wicze\u0144 fizycznych. Jest to jeden z tych asortyment\u00f3w sportowych, kt\u00f3ry pozwala na wytrenowanie praktycznie ka\u017cdej cz\u0119\u015bci cia\u0142a. Pocz\u0105wszy od bark\u00f3w, klatki, plec\u00f3w, biceps\u00f3w i triceps\u00f3w, po mi\u0119\u015bnie brzucha i n\u00f3g. Gumy firmy JACKIE zrobione s\u0105 z wytrzyma\u0142ego i elastycznego lateksu . Materia\u0142 ten jest wytrzymalszy ni\u017c niekt\u00f3re inne [&hellip;]<\/p>\n","protected":false},"featured_media":57,"comment_status":"open","ping_status":"closed","template":"","meta":[],"product_cat":[21],"product_tag":[],"class_list":{"0":"post-55","1":"product","2":"type-product","3":"status-publish","4":"has-post-thumbnail","6":"product_cat-gumy-oporowe","8":"first","9":"instock","10":"shipping-taxable","11":"purchasable","12":"product-type-simple"},"yoast_head":"<!-- This site is optimized with the Yoast SEO plugin v24.0 - https:\/\/yoast.com\/wordpress\/plugins\/seo\/ -->\n<title>Guma oporowa - czarna 9-27 kg - Jakie Stayfit<\/title>\n<meta name=\"description\" content=\"Materia\u0142 ten jest wytrzymalszy ni\u017c niekt\u00f3re inne stosowane przy tego rodzaju asortymencie, co pozwala d\u0142ugo cieszy\u0107 si\u0119 z mo\u017cliwo\u015bci korzystania z nich.\" \/>\n<meta name=\"robots\" content=\"index, follow, max-snippet:-1, max-image-preview:large, max-video-preview:-1\" \/>\n<link rel=\"canonical\" href=\"https:\/\/www.jackie-stayfit.pl\/index.php\/produkt\/guma-oporowa-czarna\/\" \/>\n<meta property=\"og:locale\" content=\"pl_PL\" \/>\n<meta property=\"og:type\" content=\"article\" \/>\n<meta property=\"og:title\" content=\"Guma oporowa - czarna 9-27 kg - Jakie Stayfit\" \/>\n<meta property=\"og:description\" content=\"Materia\u0142 ten jest wytrzymalszy ni\u017c niekt\u00f3re inne stosowane przy tego rodzaju asortymencie, co pozwala d\u0142ugo cieszy\u0107 si\u0119 z mo\u017cliwo\u015bci korzystania z nich.\" \/>\n<meta property=\"og:url\" content=\"https:\/\/www.jackie-stayfit.pl\/index.php\/produkt\/guma-oporowa-czarna\/\" \/>\n<meta property=\"og:site_name\" content=\"Jakie Stayfit\" \/>\n<meta property=\"article:modified_time\" content=\"2024-06-27T08:44:18+00:00\" \/>\n<meta property=\"og:image\" content=\"https:\/\/www.jackie-stayfit.pl\/wp-content\/uploads\/2023\/06\/Jackiestayfit-Guma-Oporowa-czarna.jpg\" \/>\n\t<meta property=\"og:image:width\" content=\"1000\" \/>\n\t<meta property=\"og:image:height\" content=\"1000\" \/>\n\t<meta property=\"og:image:type\" content=\"image\/jpeg\" \/>\n<meta name=\"twitter:card\" content=\"summary_large_image\" \/>\n<meta name=\"twitter:label1\" content=\"Szacowany czas czytania\" \/>\n\t<meta name=\"twitter:data1\" content=\"1 minuta\" \/>\n<script type=\"application\/ld+json\" class=\"yoast-schema-graph\">{\"@context\":\"https:\/\/schema.org\",\"@graph\":[{\"@type\":\"WebPage\",\"@id\":\"https:\/\/www.jackie-stayfit.pl\/index.php\/produkt\/guma-oporowa-czarna\/\",\"url\":\"https:\/\/www.jackie-stayfit.pl\/index.php\/produkt\/guma-oporowa-czarna\/\",\"name\":\"Guma oporowa - czarna 9-27 kg - Jakie Stayfit\",\"isPartOf\":{\"@id\":\"https:\/\/www.jackie-stayfit.pl\/#website\"},\"primaryImageOfPage\":{\"@id\":\"https:\/\/www.jackie-stayfit.pl\/index.php\/produkt\/guma-oporowa-czarna\/#primaryimage\"},\"image\":{\"@id\":\"https:\/\/www.jackie-stayfit.pl\/index.php\/produkt\/guma-oporowa-czarna\/#primaryimage\"},\"thumbnailUrl\":\"https:\/\/www.jackie-stayfit.pl\/wp-content\/uploads\/2023\/06\/Jackiestayfit-Guma-Oporowa-czarna.jpg\",\"datePublished\":\"2023-06-02T22:00:13+00:00\",\"dateModified\":\"2024-06-27T08:44:18+00:00\",\"description\":\"Materia\u0142 ten jest wytrzymalszy ni\u017c niekt\u00f3re inne stosowane przy tego rodzaju asortymencie, co pozwala d\u0142ugo cieszy\u0107 si\u0119 z mo\u017cliwo\u015bci korzystania z nich.\",\"breadcrumb\":{\"@id\":\"https:\/\/www.jackie-stayfit.pl\/index.php\/produkt\/guma-oporowa-czarna\/#breadcrumb\"},\"inLanguage\":\"pl-PL\",\"potentialAction\":[{\"@type\":\"ReadAction\",\"target\":[\"https:\/\/www.jackie-stayfit.pl\/index.php\/produkt\/guma-oporowa-czarna\/\"]}]},{\"@type\":\"ImageObject\",\"inLanguage\":\"pl-PL\",\"@id\":\"https:\/\/www.jackie-stayfit.pl\/index.php\/produkt\/guma-oporowa-czarna\/#primaryimage\",\"url\":\"https:\/\/www.jackie-stayfit.pl\/wp-content\/uploads\/2023\/06\/Jackiestayfit-Guma-Oporowa-czarna.jpg\",\"contentUrl\":\"https:\/\/www.jackie-stayfit.pl\/wp-content\/uploads\/2023\/06\/Jackiestayfit-Guma-Oporowa-czarna.jpg\",\"width\":1000,\"height\":1000},{\"@type\":\"BreadcrumbList\",\"@id\":\"https:\/\/www.jackie-stayfit.pl\/index.php\/produkt\/guma-oporowa-czarna\/#breadcrumb\",\"itemListElement\":[{\"@type\":\"ListItem\",\"position\":1,\"name\":\"Strona g\u0142\u00f3wna\",\"item\":\"https:\/\/www.jackie-stayfit.pl\/index.php\/home-2\/\"},{\"@type\":\"ListItem\",\"position\":2,\"name\":\"Shop\",\"item\":\"https:\/\/www.jackie-stayfit.pl\/index.php\/shop\/\"},{\"@type\":\"ListItem\",\"position\":3,\"name\":\"Guma oporowa &#8211; czarna 9-27 kg\"}]},{\"@type\":\"WebSite\",\"@id\":\"https:\/\/www.jackie-stayfit.pl\/#website\",\"url\":\"https:\/\/www.jackie-stayfit.pl\/\",\"name\":\"Jakie Stayfit\",\"description\":\"Asortyment dla aktywnych i trenuj\u0105cych os\u00f3b.\",\"potentialAction\":[{\"@type\":\"SearchAction\",\"target\":{\"@type\":\"EntryPoint\",\"urlTemplate\":\"https:\/\/www.jackie-stayfit.pl\/?s={search_term_string}\"},\"query-input\":{\"@type\":\"PropertyValueSpecification\",\"valueRequired\":true,\"valueName\":\"search_term_string\"}}],\"inLanguage\":\"pl-PL\"}]}<\/script>\n<!-- \/ Yoast SEO plugin. -->","yoast_head_json":{"title":"Guma oporowa - czarna 9-27 kg - Jakie Stayfit","description":"Materia\u0142 ten jest wytrzymalszy ni\u017c niekt\u00f3re inne stosowane przy tego rodzaju asortymencie, co pozwala d\u0142ugo cieszy\u0107 si\u0119 z mo\u017cliwo\u015bci korzystania z nich.","robots":{"index":"index","follow":"follow","max-snippet":"max-snippet:-1","max-image-preview":"max-image-preview:large","max-video-preview":"max-video-preview:-1"},"canonical":"https:\/\/www.jackie-stayfit.pl\/index.php\/produkt\/guma-oporowa-czarna\/","og_locale":"pl_PL","og_type":"article","og_title":"Guma oporowa - czarna 9-27 kg - Jakie Stayfit","og_description":"Materia\u0142 ten jest wytrzymalszy ni\u017c niekt\u00f3re inne stosowane przy tego rodzaju asortymencie, co pozwala d\u0142ugo cieszy\u0107 si\u0119 z mo\u017cliwo\u015bci korzystania z nich.","og_url":"https:\/\/www.jackie-stayfit.pl\/index.php\/produkt\/guma-oporowa-czarna\/","og_site_name":"Jakie Stayfit","article_modified_time":"2024-06-27T08:44:18+00:00","og_image":[{"width":1000,"height":1000,"url":"https:\/\/www.jackie-stayfit.pl\/wp-content\/uploads\/2023\/06\/Jackiestayfit-Guma-Oporowa-czarna.jpg","type":"image\/jpeg"}],"twitter_card":"summary_large_image","twitter_misc":{"Szacowany czas czytania":"1 minuta"},"schema":{"@context":"https:\/\/schema.org","@graph":[{"@type":"WebPage","@id":"https:\/\/www.jackie-stayfit.pl\/index.php\/produkt\/guma-oporowa-czarna\/","url":"https:\/\/www.jackie-stayfit.pl\/index.php\/produkt\/guma-oporowa-czarna\/","name":"Guma oporowa - czarna 9-27 kg - Jakie Stayfit","isPartOf":{"@id":"https:\/\/www.jackie-stayfit.pl\/#website"},"primaryImageOfPage":{"@id":"https:\/\/www.jackie-stayfit.pl\/index.php\/produkt\/guma-oporowa-czarna\/#primaryimage"},"image":{"@id":"https:\/\/www.jackie-stayfit.pl\/index.php\/produkt\/guma-oporowa-czarna\/#primaryimage"},"thumbnailUrl":"https:\/\/www.jackie-stayfit.pl\/wp-content\/uploads\/2023\/06\/Jackiestayfit-Guma-Oporowa-czarna.jpg","datePublished":"2023-06-02T22:00:13+00:00","dateModified":"2024-06-27T08:44:18+00:00","description":"Materia\u0142 ten jest wytrzymalszy ni\u017c niekt\u00f3re inne stosowane przy tego rodzaju asortymencie, co pozwala d\u0142ugo cieszy\u0107 si\u0119 z mo\u017cliwo\u015bci korzystania z nich.","breadcrumb":{"@id":"https:\/\/www.jackie-stayfit.pl\/index.php\/produkt\/guma-oporowa-czarna\/#breadcrumb"},"inLanguage":"pl-PL","potentialAction":[{"@type":"ReadAction","target":["https:\/\/www.jackie-stayfit.pl\/index.php\/produkt\/guma-oporowa-czarna\/"]}]},{"@type":"ImageObject","inLanguage":"pl-PL","@id":"https:\/\/www.jackie-stayfit.pl\/index.php\/produkt\/guma-oporowa-czarna\/#primaryimage","url":"https:\/\/www.jackie-stayfit.pl\/wp-content\/uploads\/2023\/06\/Jackiestayfit-Guma-Oporowa-czarna.jpg","contentUrl":"https:\/\/www.jackie-stayfit.pl\/wp-content\/uploads\/2023\/06\/Jackiestayfit-Guma-Oporowa-czarna.jpg","width":1000,"height":1000},{"@type":"BreadcrumbList","@id":"https:\/\/www.jackie-stayfit.pl\/index.php\/produkt\/guma-oporowa-czarna\/#breadcrumb","itemListElement":[{"@type":"ListItem","position":1,"name":"Strona g\u0142\u00f3wna","item":"https:\/\/www.jackie-stayfit.pl\/index.php\/home-2\/"},{"@type":"ListItem","position":2,"name":"Shop","item":"https:\/\/www.jackie-stayfit.pl\/index.php\/shop\/"},{"@type":"ListItem","position":3,"name":"Guma oporowa &#8211; czarna 9-27 kg"}]},{"@type":"WebSite","@id":"https:\/\/www.jackie-stayfit.pl\/#website","url":"https:\/\/www.jackie-stayfit.pl\/","name":"Jakie Stayfit","description":"Asortyment dla aktywnych i trenuj\u0105cych os\u00f3b.","potentialAction":[{"@type":"SearchAction","target":{"@type":"EntryPoint","urlTemplate":"https:\/\/www.jackie-stayfit.pl\/?s={search_term_string}"},"query-input":{"@type":"PropertyValueSpecification","valueRequired":true,"valueName":"search_term_string"}}],"inLanguage":"pl-PL"}]}},"_links":{"self":[{"href":"https:\/\/www.jackie-stayfit.pl\/index.php\/wp-json\/wp\/v2\/product\/55","targetHints":{"allow":["GET"]}}],"collection":[{"href":"https:\/\/www.jackie-stayfit.pl\/index.php\/wp-json\/wp\/v2\/product"}],"about":[{"href":"https:\/\/www.jackie-stayfit.pl\/index.php\/wp-json\/wp\/v2\/types\/product"}],"replies":[{"embeddable":true,"href":"https:\/\/www.jackie-stayfit.pl\/index.php\/wp-json\/wp\/v2\/comments?post=55"}],"wp:featuredmedia":[{"embeddable":true,"href":"https:\/\/www.jackie-stayfit.pl\/index.php\/wp-json\/wp\/v2\/media\/57"}],"wp:attachment":[{"href":"https:\/\/www.jackie-stayfit.pl\/index.php\/wp-json\/wp\/v2\/media?parent=55"}],"wp:term":[{"taxonomy":"product_cat","embeddable":true,"href":"https:\/\/www.jackie-stayfit.pl\/index.php\/wp-json\/wp\/v2\/product_cat?post=55"},{"taxonomy":"product_tag","embeddable":true,"href":"https:\/\/www.jackie-stayfit.pl\/index.php\/wp-json\/wp\/v2\/product_tag?post=55"}],"curies":[{"name":"wp","href":"https:\/\/api.w.org\/{rel}","templated":true}]}}