{"id":22,"date":"2023-05-31T09:47:26","date_gmt":"2023-05-31T07:47:26","guid":{"rendered":"http:\/\/www.jackie-stayfit.pl\/?post_type=product&#038;p=22"},"modified":"2023-11-22T12:41:17","modified_gmt":"2023-11-22T11:41:17","slug":"paraletki-drewniane-zielone","status":"publish","type":"product","link":"https:\/\/www.jackie-stayfit.pl\/index.php\/produkt\/paraletki-drewniane-zielone\/","title":{"rendered":"Paraletki drewniane &#8211; zielone"},"content":{"rendered":"<p>Zapraszamy do zakupu <strong>paraletek<\/strong> s\u0142u\u017c\u0105cych do wykonywania \u0107wicze\u0144 z w\u0142asn\u0105 mas\u0105 cia\u0142a. Jest to\u00a0jeden z popularniejszych asortyment\u00f3w dla os\u00f3b trenuj\u0105cych kalistenik\u0119.\u00a0Uchwyty wykonane s\u0105 z mocnego drewna bukowego, potrafi\u0105cego wytrzyma\u0107 ci\u0119\u017car ok. 150 kg.\u00a0Na podstawie maj\u0105 zabezpieczenia przez po\u015blizgiem, chroni\u0105ce pod\u0142og\u0119 r\u00f3wnie\u017c przed zarysowaniem. Je\u015bli chcesz rozwija\u0107 mo\u017cliwo\u015bci swojego cia\u0142a, powiniene\u015b zakupi\u0107 <strong>paraletki<\/strong>, kt\u00f3re pozwol\u0105 Ci\u00a0budowa\u0107 nie tylko mi\u0119\u015bnie klatki piersiowej, ramion, tricepsa, ale tak\u017ce przy zachowaniu\u00a0odpowiedniej formy- mi\u0119\u015bni g\u0142\u0119bokich- stabilizuj\u0105cych nasz\u0105 sylwetk\u0119.\u00a0Paraletki mo\u017cna u\u017cywa\u0107 w domu, a tak\u017ce zabiera\u0107 na zewn\u0105trz czy w podr\u00f3\u017c. Nie zabieraj\u0105 du\u017co\u00a0miejsca i nie s\u0105 ci\u0119\u017ckie.<\/p>\n<p>Ten model zosta\u0142 pokryty emulsj\u0105 w kolorze &#8222;zielonej butelki&#8221;, dzi\u0119ki czemu maj\u0105 one oryginalny design. Dobra jako\u015b\u0107, przyczepno\u015b\u0107 taka sama jak w modelu bez koloru.<\/p>\n<ul>\n<li>D\u0142ugo\u015b\u0107 30 cm.<\/li>\n<li>\u015arednica uchwytu: 3,5 cm<\/li>\n<li>Proste, por\u0119czne.<\/li>\n<li>\u0141atwe do przenoszenia<\/li>\n<li>Wytrzyma\u0142e drewno bukowe<\/li>\n<\/ul>\n<p>Idealne do:<\/p>\n<ul>\n<li>Pompek<\/li>\n<li>\u0106wicze\u0144 typu L-sit<\/li>\n<li>Stania na r\u0119kach<\/li>\n<\/ul>\n<p>Koniecznie wypr\u00f3buj!<\/p>\n","protected":false},"excerpt":{"rendered":"<p>Zapraszamy do zakupu paraletek s\u0142u\u017c\u0105cych do wykonywania \u0107wicze\u0144 z w\u0142asn\u0105 mas\u0105 cia\u0142a. Jest to\u00a0jeden z popularniejszych asortyment\u00f3w dla os\u00f3b trenuj\u0105cych kalistenik\u0119.\u00a0Uchwyty wykonane s\u0105 z mocnego drewna bukowego, potrafi\u0105cego wytrzyma\u0107 ci\u0119\u017car ok. 150 kg.\u00a0Na podstawie maj\u0105 zabezpieczenia przez po\u015blizgiem, chroni\u0105ce pod\u0142og\u0119 r\u00f3wnie\u017c przed zarysowaniem. Je\u015bli chcesz rozwija\u0107 mo\u017cliwo\u015bci swojego cia\u0142a, powiniene\u015b zakupi\u0107 paraletki, kt\u00f3re pozwol\u0105 Ci\u00a0budowa\u0107 [&hellip;]<\/p>\n","protected":false},"featured_media":53,"comment_status":"open","ping_status":"closed","template":"","meta":[],"product_cat":[23],"product_tag":[],"class_list":{"0":"post-22","1":"product","2":"type-product","3":"status-publish","4":"has-post-thumbnail","6":"product_cat-paraletki","8":"first","9":"instock","10":"shipping-taxable","11":"purchasable","12":"product-type-simple"},"yoast_head":"<!-- This site is optimized with the Yoast SEO plugin v24.0 - https:\/\/yoast.com\/wordpress\/plugins\/seo\/ -->\n<title>Uchwyty do pompek - Jackie Stay Fitt<\/title>\n<meta name=\"description\" content=\"Nasze uchwyty do pompek wykonane s\u0105 z mocnego drewna bukowego, potrafi\u0105cego wytrzyma\u0107 ci\u0119\u017car nawet ok. 150 kg.\u00a0Zapraszamy do zakupu.\" \/>\n<meta name=\"robots\" content=\"index, follow, max-snippet:-1, max-image-preview:large, max-video-preview:-1\" \/>\n<link rel=\"canonical\" href=\"https:\/\/www.jackie-stayfit.pl\/index.php\/produkt\/paraletki-drewniane-zielone\/\" \/>\n<meta property=\"og:locale\" content=\"pl_PL\" \/>\n<meta property=\"og:type\" content=\"article\" \/>\n<meta property=\"og:title\" content=\"Uchwyty do pompek - Jackie Stay Fitt\" \/>\n<meta property=\"og:description\" content=\"Nasze uchwyty do pompek wykonane s\u0105 z mocnego drewna bukowego, potrafi\u0105cego wytrzyma\u0107 ci\u0119\u017car nawet ok. 150 kg.\u00a0Zapraszamy do zakupu.\" \/>\n<meta property=\"og:url\" content=\"https:\/\/www.jackie-stayfit.pl\/index.php\/produkt\/paraletki-drewniane-zielone\/\" \/>\n<meta property=\"og:site_name\" content=\"Jakie Stayfit\" \/>\n<meta property=\"article:modified_time\" content=\"2023-11-22T11:41:17+00:00\" \/>\n<meta property=\"og:image\" content=\"https:\/\/www.jackie-stayfit.pl\/wp-content\/uploads\/2023\/05\/Jackiestayfit-Paraletki-Zielone.jpg\" \/>\n\t<meta property=\"og:image:width\" content=\"1000\" \/>\n\t<meta property=\"og:image:height\" content=\"1000\" \/>\n\t<meta property=\"og:image:type\" content=\"image\/jpeg\" \/>\n<meta name=\"twitter:card\" content=\"summary_large_image\" \/>\n<meta name=\"twitter:label1\" content=\"Szacowany czas czytania\" \/>\n\t<meta name=\"twitter:data1\" content=\"1 minuta\" \/>\n<script type=\"application\/ld+json\" class=\"yoast-schema-graph\">{\"@context\":\"https:\/\/schema.org\",\"@graph\":[{\"@type\":\"WebPage\",\"@id\":\"https:\/\/www.jackie-stayfit.pl\/index.php\/produkt\/paraletki-drewniane-zielone\/\",\"url\":\"https:\/\/www.jackie-stayfit.pl\/index.php\/produkt\/paraletki-drewniane-zielone\/\",\"name\":\"Uchwyty do pompek - Jackie Stay Fitt\",\"isPartOf\":{\"@id\":\"https:\/\/www.jackie-stayfit.pl\/#website\"},\"primaryImageOfPage\":{\"@id\":\"https:\/\/www.jackie-stayfit.pl\/index.php\/produkt\/paraletki-drewniane-zielone\/#primaryimage\"},\"image\":{\"@id\":\"https:\/\/www.jackie-stayfit.pl\/index.php\/produkt\/paraletki-drewniane-zielone\/#primaryimage\"},\"thumbnailUrl\":\"https:\/\/www.jackie-stayfit.pl\/wp-content\/uploads\/2023\/05\/Jackiestayfit-Paraletki-Zielone.jpg\",\"datePublished\":\"2023-05-31T07:47:26+00:00\",\"dateModified\":\"2023-11-22T11:41:17+00:00\",\"description\":\"Nasze uchwyty do pompek wykonane s\u0105 z mocnego drewna bukowego, potrafi\u0105cego wytrzyma\u0107 ci\u0119\u017car nawet ok. 150 kg.\u00a0Zapraszamy do zakupu.\",\"breadcrumb\":{\"@id\":\"https:\/\/www.jackie-stayfit.pl\/index.php\/produkt\/paraletki-drewniane-zielone\/#breadcrumb\"},\"inLanguage\":\"pl-PL\",\"potentialAction\":[{\"@type\":\"ReadAction\",\"target\":[\"https:\/\/www.jackie-stayfit.pl\/index.php\/produkt\/paraletki-drewniane-zielone\/\"]}]},{\"@type\":\"ImageObject\",\"inLanguage\":\"pl-PL\",\"@id\":\"https:\/\/www.jackie-stayfit.pl\/index.php\/produkt\/paraletki-drewniane-zielone\/#primaryimage\",\"url\":\"https:\/\/www.jackie-stayfit.pl\/wp-content\/uploads\/2023\/05\/Jackiestayfit-Paraletki-Zielone.jpg\",\"contentUrl\":\"https:\/\/www.jackie-stayfit.pl\/wp-content\/uploads\/2023\/05\/Jackiestayfit-Paraletki-Zielone.jpg\",\"width\":1000,\"height\":1000},{\"@type\":\"BreadcrumbList\",\"@id\":\"https:\/\/www.jackie-stayfit.pl\/index.php\/produkt\/paraletki-drewniane-zielone\/#breadcrumb\",\"itemListElement\":[{\"@type\":\"ListItem\",\"position\":1,\"name\":\"Strona g\u0142\u00f3wna\",\"item\":\"https:\/\/www.jackie-stayfit.pl\/index.php\/home-2\/\"},{\"@type\":\"ListItem\",\"position\":2,\"name\":\"Shop\",\"item\":\"https:\/\/www.jackie-stayfit.pl\/index.php\/shop\/\"},{\"@type\":\"ListItem\",\"position\":3,\"name\":\"Paraletki drewniane &#8211; zielone\"}]},{\"@type\":\"WebSite\",\"@id\":\"https:\/\/www.jackie-stayfit.pl\/#website\",\"url\":\"https:\/\/www.jackie-stayfit.pl\/\",\"name\":\"Jakie Stayfit\",\"description\":\"Asortyment dla aktywnych i trenuj\u0105cych os\u00f3b.\",\"potentialAction\":[{\"@type\":\"SearchAction\",\"target\":{\"@type\":\"EntryPoint\",\"urlTemplate\":\"https:\/\/www.jackie-stayfit.pl\/?s={search_term_string}\"},\"query-input\":{\"@type\":\"PropertyValueSpecification\",\"valueRequired\":true,\"valueName\":\"search_term_string\"}}],\"inLanguage\":\"pl-PL\"}]}<\/script>\n<!-- \/ Yoast SEO plugin. -->","yoast_head_json":{"title":"Uchwyty do pompek - Jackie Stay Fitt","description":"Nasze uchwyty do pompek wykonane s\u0105 z mocnego drewna bukowego, potrafi\u0105cego wytrzyma\u0107 ci\u0119\u017car nawet ok. 150 kg.\u00a0Zapraszamy do zakupu.","robots":{"index":"index","follow":"follow","max-snippet":"max-snippet:-1","max-image-preview":"max-image-preview:large","max-video-preview":"max-video-preview:-1"},"canonical":"https:\/\/www.jackie-stayfit.pl\/index.php\/produkt\/paraletki-drewniane-zielone\/","og_locale":"pl_PL","og_type":"article","og_title":"Uchwyty do pompek - Jackie Stay Fitt","og_description":"Nasze uchwyty do pompek wykonane s\u0105 z mocnego drewna bukowego, potrafi\u0105cego wytrzyma\u0107 ci\u0119\u017car nawet ok. 150 kg.\u00a0Zapraszamy do zakupu.","og_url":"https:\/\/www.jackie-stayfit.pl\/index.php\/produkt\/paraletki-drewniane-zielone\/","og_site_name":"Jakie Stayfit","article_modified_time":"2023-11-22T11:41:17+00:00","og_image":[{"width":1000,"height":1000,"url":"https:\/\/www.jackie-stayfit.pl\/wp-content\/uploads\/2023\/05\/Jackiestayfit-Paraletki-Zielone.jpg","type":"image\/jpeg"}],"twitter_card":"summary_large_image","twitter_misc":{"Szacowany czas czytania":"1 minuta"},"schema":{"@context":"https:\/\/schema.org","@graph":[{"@type":"WebPage","@id":"https:\/\/www.jackie-stayfit.pl\/index.php\/produkt\/paraletki-drewniane-zielone\/","url":"https:\/\/www.jackie-stayfit.pl\/index.php\/produkt\/paraletki-drewniane-zielone\/","name":"Uchwyty do pompek - Jackie Stay Fitt","isPartOf":{"@id":"https:\/\/www.jackie-stayfit.pl\/#website"},"primaryImageOfPage":{"@id":"https:\/\/www.jackie-stayfit.pl\/index.php\/produkt\/paraletki-drewniane-zielone\/#primaryimage"},"image":{"@id":"https:\/\/www.jackie-stayfit.pl\/index.php\/produkt\/paraletki-drewniane-zielone\/#primaryimage"},"thumbnailUrl":"https:\/\/www.jackie-stayfit.pl\/wp-content\/uploads\/2023\/05\/Jackiestayfit-Paraletki-Zielone.jpg","datePublished":"2023-05-31T07:47:26+00:00","dateModified":"2023-11-22T11:41:17+00:00","description":"Nasze uchwyty do pompek wykonane s\u0105 z mocnego drewna bukowego, potrafi\u0105cego wytrzyma\u0107 ci\u0119\u017car nawet ok. 150 kg.\u00a0Zapraszamy do zakupu.","breadcrumb":{"@id":"https:\/\/www.jackie-stayfit.pl\/index.php\/produkt\/paraletki-drewniane-zielone\/#breadcrumb"},"inLanguage":"pl-PL","potentialAction":[{"@type":"ReadAction","target":["https:\/\/www.jackie-stayfit.pl\/index.php\/produkt\/paraletki-drewniane-zielone\/"]}]},{"@type":"ImageObject","inLanguage":"pl-PL","@id":"https:\/\/www.jackie-stayfit.pl\/index.php\/produkt\/paraletki-drewniane-zielone\/#primaryimage","url":"https:\/\/www.jackie-stayfit.pl\/wp-content\/uploads\/2023\/05\/Jackiestayfit-Paraletki-Zielone.jpg","contentUrl":"https:\/\/www.jackie-stayfit.pl\/wp-content\/uploads\/2023\/05\/Jackiestayfit-Paraletki-Zielone.jpg","width":1000,"height":1000},{"@type":"BreadcrumbList","@id":"https:\/\/www.jackie-stayfit.pl\/index.php\/produkt\/paraletki-drewniane-zielone\/#breadcrumb","itemListElement":[{"@type":"ListItem","position":1,"name":"Strona g\u0142\u00f3wna","item":"https:\/\/www.jackie-stayfit.pl\/index.php\/home-2\/"},{"@type":"ListItem","position":2,"name":"Shop","item":"https:\/\/www.jackie-stayfit.pl\/index.php\/shop\/"},{"@type":"ListItem","position":3,"name":"Paraletki drewniane &#8211; zielone"}]},{"@type":"WebSite","@id":"https:\/\/www.jackie-stayfit.pl\/#website","url":"https:\/\/www.jackie-stayfit.pl\/","name":"Jakie Stayfit","description":"Asortyment dla aktywnych i trenuj\u0105cych os\u00f3b.","potentialAction":[{"@type":"SearchAction","target":{"@type":"EntryPoint","urlTemplate":"https:\/\/www.jackie-stayfit.pl\/?s={search_term_string}"},"query-input":{"@type":"PropertyValueSpecification","valueRequired":true,"valueName":"search_term_string"}}],"inLanguage":"pl-PL"}]}},"_links":{"self":[{"href":"https:\/\/www.jackie-stayfit.pl\/index.php\/wp-json\/wp\/v2\/product\/22","targetHints":{"allow":["GET"]}}],"collection":[{"href":"https:\/\/www.jackie-stayfit.pl\/index.php\/wp-json\/wp\/v2\/product"}],"about":[{"href":"https:\/\/www.jackie-stayfit.pl\/index.php\/wp-json\/wp\/v2\/types\/product"}],"replies":[{"embeddable":true,"href":"https:\/\/www.jackie-stayfit.pl\/index.php\/wp-json\/wp\/v2\/comments?post=22"}],"wp:featuredmedia":[{"embeddable":true,"href":"https:\/\/www.jackie-stayfit.pl\/index.php\/wp-json\/wp\/v2\/media\/53"}],"wp:attachment":[{"href":"https:\/\/www.jackie-stayfit.pl\/index.php\/wp-json\/wp\/v2\/media?parent=22"}],"wp:term":[{"taxonomy":"product_cat","embeddable":true,"href":"https:\/\/www.jackie-stayfit.pl\/index.php\/wp-json\/wp\/v2\/product_cat?post=22"},{"taxonomy":"product_tag","embeddable":true,"href":"https:\/\/www.jackie-stayfit.pl\/index.php\/wp-json\/wp\/v2\/product_tag?post=22"}],"curies":[{"name":"wp","href":"https:\/\/api.w.org\/{rel}","templated":true}]}}