{"id":1093,"date":"2023-11-06T13:21:25","date_gmt":"2023-11-06T12:21:25","guid":{"rendered":"https:\/\/www.jackie-stayfit.pl\/?post_type=product&#038;p=1093"},"modified":"2023-11-22T12:29:43","modified_gmt":"2023-11-22T11:29:43","slug":"paraletki-bis","status":"publish","type":"product","link":"https:\/\/www.jackie-stayfit.pl\/index.php\/produkt\/paraletki-bis\/","title":{"rendered":"Paraletki bis"},"content":{"rendered":"<p>Zapraszamy do zakupu paraletek s\u0142u\u017c\u0105cych do wykonywania \u0107wicze\u0144 z w\u0142asn\u0105 mas\u0105 cia\u0142a. Jest to jeden z popularniejszych asortyment\u00f3w dla os\u00f3b trenuj\u0105cych kalistenik\u0119. Uchwyty wykonane s\u0105 z mocnego drewna bukowego, potrafi\u0105cego wytrzyma\u0107 ci\u0119\u017car ok. 150 kg. Na podstawie maj\u0105 zabezpieczenia przez po\u015blizgiem, chroni\u0105ce pod\u0142og\u0119 r\u00f3wnie\u017c przed zarysowaniem. Je\u015bli chcesz rozwija\u0107 mo\u017cliwo\u015bci swojego cia\u0142a, powiniene\u015b zakupi\u0107 paraletki, kt\u00f3re pozwol\u0105 Ci budowa\u0107 nie tylko mi\u0119\u015bnie klatki piersiowej, ramion, tricepsa, ale tak\u017ce przy zachowaniu odpowiedniej formy- mi\u0119\u015bni g\u0142\u0119bokich- stabilizuj\u0105cych nasz\u0105 sylwetk\u0119. Paraletki mo\u017cna u\u017cywa\u0107 w domu, a tak\u017ce zabiera\u0107 na zewn\u0105trz czy w podr\u00f3\u017c. Nie zabieraj\u0105 du\u017co miejsca i nie s\u0105 ci\u0119\u017ckie.<\/p>\n<p>D\u0142ugo\u015b\u0107 30 cm.<br \/>\n\u015arednica uchwytu: 3,5 cm<br \/>\nProste, por\u0119czne.<br \/>\n\u0141atwe do przenoszenia<br \/>\nWytrzyma\u0142e drewno bukowe<br \/>\nIdealne do:<\/p>\n<p>Pompek<br \/>\n\u0106wicze\u0144 typu L-sit<br \/>\nStania na r\u0119kach<br \/>\nKoniecznie wypr\u00f3buj!<\/p>\n","protected":false},"excerpt":{"rendered":"<p>Zapraszamy do zakupu paraletek s\u0142u\u017c\u0105cych do wykonywania \u0107wicze\u0144 z w\u0142asn\u0105 mas\u0105 cia\u0142a. Jest to jeden z popularniejszych asortyment\u00f3w dla os\u00f3b trenuj\u0105cych kalistenik\u0119. Uchwyty wykonane s\u0105 z mocnego drewna bukowego, potrafi\u0105cego wytrzyma\u0107 ci\u0119\u017car ok. 150 kg. Na podstawie maj\u0105 zabezpieczenia przez po\u015blizgiem, chroni\u0105ce pod\u0142og\u0119 r\u00f3wnie\u017c przed zarysowaniem. Je\u015bli chcesz rozwija\u0107 mo\u017cliwo\u015bci swojego cia\u0142a, powiniene\u015b zakupi\u0107 paraletki, [&hellip;]<\/p>\n","protected":false},"featured_media":1095,"comment_status":"open","ping_status":"closed","template":"","meta":[],"product_cat":[15,23],"product_tag":[],"class_list":{"0":"post-1093","1":"product","2":"type-product","3":"status-publish","4":"has-post-thumbnail","6":"product_cat-bez-kategorii","7":"product_cat-paraletki","9":"first","10":"instock","11":"shipping-taxable","12":"purchasable","13":"product-type-simple"},"yoast_head":"<!-- This site is optimized with the Yoast SEO plugin v24.0 - https:\/\/yoast.com\/wordpress\/plugins\/seo\/ -->\n<title>Paraletki bis - Jakie Stayfit<\/title>\n<meta name=\"robots\" content=\"index, follow, max-snippet:-1, max-image-preview:large, max-video-preview:-1\" \/>\n<link rel=\"canonical\" href=\"https:\/\/www.jackie-stayfit.pl\/index.php\/produkt\/paraletki-bis\/\" \/>\n<meta property=\"og:locale\" content=\"pl_PL\" \/>\n<meta property=\"og:type\" content=\"article\" \/>\n<meta property=\"og:title\" content=\"Paraletki bis - Jakie Stayfit\" \/>\n<meta property=\"og:description\" content=\"Zapraszamy do zakupu paraletek s\u0142u\u017c\u0105cych do wykonywania \u0107wicze\u0144 z w\u0142asn\u0105 mas\u0105 cia\u0142a. Jest to jeden z popularniejszych asortyment\u00f3w dla os\u00f3b trenuj\u0105cych kalistenik\u0119. Uchwyty wykonane s\u0105 z mocnego drewna bukowego, potrafi\u0105cego wytrzyma\u0107 ci\u0119\u017car ok. 150 kg. Na podstawie maj\u0105 zabezpieczenia przez po\u015blizgiem, chroni\u0105ce pod\u0142og\u0119 r\u00f3wnie\u017c przed zarysowaniem. Je\u015bli chcesz rozwija\u0107 mo\u017cliwo\u015bci swojego cia\u0142a, powiniene\u015b zakupi\u0107 paraletki, [&hellip;]\" \/>\n<meta property=\"og:url\" content=\"https:\/\/www.jackie-stayfit.pl\/index.php\/produkt\/paraletki-bis\/\" \/>\n<meta property=\"og:site_name\" content=\"Jakie Stayfit\" \/>\n<meta property=\"article:modified_time\" content=\"2023-11-22T11:29:43+00:00\" \/>\n<meta property=\"og:image\" content=\"https:\/\/www.jackie-stayfit.pl\/wp-content\/uploads\/2023\/11\/p2.jpg\" \/>\n\t<meta property=\"og:image:width\" content=\"900\" \/>\n\t<meta property=\"og:image:height\" content=\"599\" \/>\n\t<meta property=\"og:image:type\" content=\"image\/jpeg\" \/>\n<meta name=\"twitter:card\" content=\"summary_large_image\" \/>\n<meta name=\"twitter:label1\" content=\"Szacowany czas czytania\" \/>\n\t<meta name=\"twitter:data1\" content=\"1 minuta\" \/>\n<script type=\"application\/ld+json\" class=\"yoast-schema-graph\">{\"@context\":\"https:\/\/schema.org\",\"@graph\":[{\"@type\":\"WebPage\",\"@id\":\"https:\/\/www.jackie-stayfit.pl\/index.php\/produkt\/paraletki-bis\/\",\"url\":\"https:\/\/www.jackie-stayfit.pl\/index.php\/produkt\/paraletki-bis\/\",\"name\":\"Paraletki bis - Jakie Stayfit\",\"isPartOf\":{\"@id\":\"https:\/\/www.jackie-stayfit.pl\/#website\"},\"primaryImageOfPage\":{\"@id\":\"https:\/\/www.jackie-stayfit.pl\/index.php\/produkt\/paraletki-bis\/#primaryimage\"},\"image\":{\"@id\":\"https:\/\/www.jackie-stayfit.pl\/index.php\/produkt\/paraletki-bis\/#primaryimage\"},\"thumbnailUrl\":\"https:\/\/www.jackie-stayfit.pl\/wp-content\/uploads\/2023\/11\/p2.jpg\",\"datePublished\":\"2023-11-06T12:21:25+00:00\",\"dateModified\":\"2023-11-22T11:29:43+00:00\",\"breadcrumb\":{\"@id\":\"https:\/\/www.jackie-stayfit.pl\/index.php\/produkt\/paraletki-bis\/#breadcrumb\"},\"inLanguage\":\"pl-PL\",\"potentialAction\":[{\"@type\":\"ReadAction\",\"target\":[\"https:\/\/www.jackie-stayfit.pl\/index.php\/produkt\/paraletki-bis\/\"]}]},{\"@type\":\"ImageObject\",\"inLanguage\":\"pl-PL\",\"@id\":\"https:\/\/www.jackie-stayfit.pl\/index.php\/produkt\/paraletki-bis\/#primaryimage\",\"url\":\"https:\/\/www.jackie-stayfit.pl\/wp-content\/uploads\/2023\/11\/p2.jpg\",\"contentUrl\":\"https:\/\/www.jackie-stayfit.pl\/wp-content\/uploads\/2023\/11\/p2.jpg\",\"width\":900,\"height\":599},{\"@type\":\"BreadcrumbList\",\"@id\":\"https:\/\/www.jackie-stayfit.pl\/index.php\/produkt\/paraletki-bis\/#breadcrumb\",\"itemListElement\":[{\"@type\":\"ListItem\",\"position\":1,\"name\":\"Strona g\u0142\u00f3wna\",\"item\":\"https:\/\/www.jackie-stayfit.pl\/index.php\/home-2\/\"},{\"@type\":\"ListItem\",\"position\":2,\"name\":\"Shop\",\"item\":\"https:\/\/www.jackie-stayfit.pl\/index.php\/shop\/\"},{\"@type\":\"ListItem\",\"position\":3,\"name\":\"Paraletki bis\"}]},{\"@type\":\"WebSite\",\"@id\":\"https:\/\/www.jackie-stayfit.pl\/#website\",\"url\":\"https:\/\/www.jackie-stayfit.pl\/\",\"name\":\"Jakie Stayfit\",\"description\":\"Asortyment dla aktywnych i trenuj\u0105cych os\u00f3b.\",\"potentialAction\":[{\"@type\":\"SearchAction\",\"target\":{\"@type\":\"EntryPoint\",\"urlTemplate\":\"https:\/\/www.jackie-stayfit.pl\/?s={search_term_string}\"},\"query-input\":{\"@type\":\"PropertyValueSpecification\",\"valueRequired\":true,\"valueName\":\"search_term_string\"}}],\"inLanguage\":\"pl-PL\"}]}<\/script>\n<!-- \/ Yoast SEO plugin. -->","yoast_head_json":{"title":"Paraletki bis - Jakie Stayfit","robots":{"index":"index","follow":"follow","max-snippet":"max-snippet:-1","max-image-preview":"max-image-preview:large","max-video-preview":"max-video-preview:-1"},"canonical":"https:\/\/www.jackie-stayfit.pl\/index.php\/produkt\/paraletki-bis\/","og_locale":"pl_PL","og_type":"article","og_title":"Paraletki bis - Jakie Stayfit","og_description":"Zapraszamy do zakupu paraletek s\u0142u\u017c\u0105cych do wykonywania \u0107wicze\u0144 z w\u0142asn\u0105 mas\u0105 cia\u0142a. Jest to jeden z popularniejszych asortyment\u00f3w dla os\u00f3b trenuj\u0105cych kalistenik\u0119. Uchwyty wykonane s\u0105 z mocnego drewna bukowego, potrafi\u0105cego wytrzyma\u0107 ci\u0119\u017car ok. 150 kg. Na podstawie maj\u0105 zabezpieczenia przez po\u015blizgiem, chroni\u0105ce pod\u0142og\u0119 r\u00f3wnie\u017c przed zarysowaniem. Je\u015bli chcesz rozwija\u0107 mo\u017cliwo\u015bci swojego cia\u0142a, powiniene\u015b zakupi\u0107 paraletki, [&hellip;]","og_url":"https:\/\/www.jackie-stayfit.pl\/index.php\/produkt\/paraletki-bis\/","og_site_name":"Jakie Stayfit","article_modified_time":"2023-11-22T11:29:43+00:00","og_image":[{"width":900,"height":599,"url":"https:\/\/www.jackie-stayfit.pl\/wp-content\/uploads\/2023\/11\/p2.jpg","type":"image\/jpeg"}],"twitter_card":"summary_large_image","twitter_misc":{"Szacowany czas czytania":"1 minuta"},"schema":{"@context":"https:\/\/schema.org","@graph":[{"@type":"WebPage","@id":"https:\/\/www.jackie-stayfit.pl\/index.php\/produkt\/paraletki-bis\/","url":"https:\/\/www.jackie-stayfit.pl\/index.php\/produkt\/paraletki-bis\/","name":"Paraletki bis - Jakie Stayfit","isPartOf":{"@id":"https:\/\/www.jackie-stayfit.pl\/#website"},"primaryImageOfPage":{"@id":"https:\/\/www.jackie-stayfit.pl\/index.php\/produkt\/paraletki-bis\/#primaryimage"},"image":{"@id":"https:\/\/www.jackie-stayfit.pl\/index.php\/produkt\/paraletki-bis\/#primaryimage"},"thumbnailUrl":"https:\/\/www.jackie-stayfit.pl\/wp-content\/uploads\/2023\/11\/p2.jpg","datePublished":"2023-11-06T12:21:25+00:00","dateModified":"2023-11-22T11:29:43+00:00","breadcrumb":{"@id":"https:\/\/www.jackie-stayfit.pl\/index.php\/produkt\/paraletki-bis\/#breadcrumb"},"inLanguage":"pl-PL","potentialAction":[{"@type":"ReadAction","target":["https:\/\/www.jackie-stayfit.pl\/index.php\/produkt\/paraletki-bis\/"]}]},{"@type":"ImageObject","inLanguage":"pl-PL","@id":"https:\/\/www.jackie-stayfit.pl\/index.php\/produkt\/paraletki-bis\/#primaryimage","url":"https:\/\/www.jackie-stayfit.pl\/wp-content\/uploads\/2023\/11\/p2.jpg","contentUrl":"https:\/\/www.jackie-stayfit.pl\/wp-content\/uploads\/2023\/11\/p2.jpg","width":900,"height":599},{"@type":"BreadcrumbList","@id":"https:\/\/www.jackie-stayfit.pl\/index.php\/produkt\/paraletki-bis\/#breadcrumb","itemListElement":[{"@type":"ListItem","position":1,"name":"Strona g\u0142\u00f3wna","item":"https:\/\/www.jackie-stayfit.pl\/index.php\/home-2\/"},{"@type":"ListItem","position":2,"name":"Shop","item":"https:\/\/www.jackie-stayfit.pl\/index.php\/shop\/"},{"@type":"ListItem","position":3,"name":"Paraletki bis"}]},{"@type":"WebSite","@id":"https:\/\/www.jackie-stayfit.pl\/#website","url":"https:\/\/www.jackie-stayfit.pl\/","name":"Jakie Stayfit","description":"Asortyment dla aktywnych i trenuj\u0105cych os\u00f3b.","potentialAction":[{"@type":"SearchAction","target":{"@type":"EntryPoint","urlTemplate":"https:\/\/www.jackie-stayfit.pl\/?s={search_term_string}"},"query-input":{"@type":"PropertyValueSpecification","valueRequired":true,"valueName":"search_term_string"}}],"inLanguage":"pl-PL"}]}},"_links":{"self":[{"href":"https:\/\/www.jackie-stayfit.pl\/index.php\/wp-json\/wp\/v2\/product\/1093","targetHints":{"allow":["GET"]}}],"collection":[{"href":"https:\/\/www.jackie-stayfit.pl\/index.php\/wp-json\/wp\/v2\/product"}],"about":[{"href":"https:\/\/www.jackie-stayfit.pl\/index.php\/wp-json\/wp\/v2\/types\/product"}],"replies":[{"embeddable":true,"href":"https:\/\/www.jackie-stayfit.pl\/index.php\/wp-json\/wp\/v2\/comments?post=1093"}],"wp:featuredmedia":[{"embeddable":true,"href":"https:\/\/www.jackie-stayfit.pl\/index.php\/wp-json\/wp\/v2\/media\/1095"}],"wp:attachment":[{"href":"https:\/\/www.jackie-stayfit.pl\/index.php\/wp-json\/wp\/v2\/media?parent=1093"}],"wp:term":[{"taxonomy":"product_cat","embeddable":true,"href":"https:\/\/www.jackie-stayfit.pl\/index.php\/wp-json\/wp\/v2\/product_cat?post=1093"},{"taxonomy":"product_tag","embeddable":true,"href":"https:\/\/www.jackie-stayfit.pl\/index.php\/wp-json\/wp\/v2\/product_tag?post=1093"}],"curies":[{"name":"wp","href":"https:\/\/api.w.org\/{rel}","templated":true}]}}